{"id":43,"date":"2021-03-12T17:55:32","date_gmt":"2021-03-12T16:55:32","guid":{"rendered":"http:\/\/localhost\/wordpress%20infiniteart\/wordpress\/?page_id=43"},"modified":"2023-10-16T23:16:47","modified_gmt":"2023-10-16T21:16:47","slug":"ueber-mich","status":"publish","type":"page","link":"http:\/\/infinite-art.de\/index.php\/startseite\/ueber-mich\/","title":{"rendered":"\u00dcber mich"},"content":{"rendered":"\n<div class=\"wp-block-columns is-layout-flex wp-container-core-columns-is-layout-9d6595d7 wp-block-columns-is-layout-flex\">\n<div class=\"wp-block-column is-layout-flow wp-block-column-is-layout-flow\" style=\"flex-basis:66.66%\">\n<p class=\"has-medium-font-size\"><strong>Kunst<\/strong><\/p>\n\n\n\n<p>In der Kunst experimentiere ich mit Farben und abstrakten Formen auf verschiedenen Materialen wie Leinwand, Holz und Metall. Die Reduktion der Bildinhalte auf die wesentliche Wirkung von Farbe im Dialog mit der Form steht dabei im Vordergrund. Auf diese Weise wird eine Verbindung zwischen der Kunst und der analytischen Vorgehensweise in den Naturwissenschaften geschaffen, um die komplexen Strukturen der Wirklichkeit mit formal reduzierten Gesetzen zu beschreiben. Meine Arbeiten waren in den letzten f\u00fcnf Jahren auf Einzel- und Gruppenausstellungen unter anderem im Haus der Wirtschaft, Stuttgart, auf der Algordanza Young Art Plattform in der Schweiz, in der Galeria Mazowiecka, Warschau, der Galleria Poliedro in Trieste, Italien und der Galerija TIR in Nova Gorice, Slowenien zu sehen. Finalist des 9. Internationalen Syrlin Kunstpreises 2010. Teilnahme an der Red Dot Art Fair und der Select Art im Rahmen der Art Basel Miami Beach 2012 mit der EUart Galerie.<br><\/p>\n\n\n\n<p class=\"has-medium-font-size\"><strong>Physik<\/strong><\/p>\n\n\n\n<p>\u00dcber die Kunst hinaus bin ich promovierter Physiker und Leiter des  <a href=\"https:\/\/innovationspartner.tech\" target=\"_blank\" rel=\"noreferrer noopener\" title=\"https:\/\/innovationspartner.tech\">Steinbeis-Beratungszentrums Technologische Transformation<\/a>. \u00dcber meine fachlichen Qualifikation und meiner umfangreichen Erfahrung in der Technologieberatung nehme ich in j\u00fcngerer Zeit eine dramatische Beschleunigung von Innovationszyklen wahr. Daher habe ich dieses Unternehmen gegr\u00fcndet, \u00fcber das ich meine volle Leistung, mein Netzwerk und mein Wissen zu Technologien und Trends unabh\u00e4ngig und gezielt Unternehmer*innen zur Verf\u00fcgung stelle, um sie zu unterst\u00fctzen, die Herausforderungen des technologischen Wandels zu meistern.<\/p>\n<\/div>\n\n\n\n<div class=\"wp-block-column is-layout-flow wp-block-column-is-layout-flow\" style=\"flex-basis:33.33%\">\n<figure class=\"wp-block-image size-large is-resized\"><img loading=\"lazy\" decoding=\"async\" src=\"http:\/\/philipp-liedl.de\/wp-content\/uploads\/2021\/10\/2021-08-05_Dr.Philipp-Liedl-4852-2-683x1024.jpg\" alt=\"Portrait von Philipp Liedl\" class=\"wp-image-646\" width=\"526\" height=\"787\"\/><\/figure>\n<\/div>\n<\/div>\n\n\n\n<div class=\"wp-block-columns is-layout-flex wp-container-core-columns-is-layout-9d6595d7 wp-block-columns-is-layout-flex\">\n<div class=\"wp-block-column is-layout-flow wp-block-column-is-layout-flow\">\n<div class=\"wp-block-buttons is-layout-flex wp-block-buttons-is-layout-flex\">\n<div class=\"wp-block-button has-custom-width wp-block-button__width-100 is-style-outline is-style-outline--1\"><a class=\"wp-block-button__link has-white-color has-text-color has-background no-border-radius\" href=\"http:\/\/infinite-art.de\/index.php\/vita\/\" style=\"background-color:#3d3d3d\" rel=\"\/vita\/\">Vita<\/a><\/div>\n<\/div>\n<\/div>\n\n\n\n<div class=\"wp-block-column is-layout-flow wp-block-column-is-layout-flow\">\n<div class=\"wp-block-buttons is-layout-flex wp-block-buttons-is-layout-flex\">\n<div class=\"wp-block-button has-custom-width wp-block-button__width-100 is-style-outline is-style-outline--2\"><a class=\"wp-block-button__link has-white-color has-text-color has-background no-border-radius\" href=\"http:\/\/infinite-art.de\/index.php\/publikationen\/\" style=\"background-color:#3d3d3d\">Publikationen<\/a><\/div>\n<\/div>\n<\/div>\n<\/div>\n\n\n<ul id=\"menu-footer\" class=\"menu csFooterMenu\"><li id=\"menu-item-474\" class=\"menu-item menu-item-type-post_type menu-item-object-page menu-item-474\"><a href=\"http:\/\/infinite-art.de\/index.php\/impressum\/\">Impressum<\/a><\/li>\n<li id=\"menu-item-473\" class=\"menu-item menu-item-type-post_type menu-item-object-page menu-item-privacy-policy menu-item-473\"><a rel=\"privacy-policy\" href=\"http:\/\/infinite-art.de\/index.php\/datenschutz\/\">Datenschutz<\/a><\/li>\n<li id=\"menu-item-36\" class=\"menu-item menu-item-type-post_type menu-item-object-page menu-item-36\"><a href=\"http:\/\/infinite-art.de\/index.php\/kontakt\/\">Kontakt<\/a><\/li>\n<li id=\"menu-item-608\" class=\"menu-item menu-item-type-post_type menu-item-object-page menu-item-608\"><a href=\"http:\/\/infinite-art.de\/index.php\/cookie-richtlinie-eu\/\">Cookie-Richtlinie (EU)<\/a><\/li>\n<\/ul>\n\n\n\n<p><\/p>\n","protected":false},"excerpt":{"rendered":"<p>Kunst In der Kunst experimentiere ich mit Farben und abstrakten Formen auf verschiedenen Materialen wie Leinwand, Holz und Metall. Die Reduktion der Bildinhalte auf die wesentliche Wirkung von Farbe im Dialog mit der Form steht dabei im Vordergrund. Auf diese Weise wird eine Verbindung zwischen der Kunst und der analytischen Vorgehensweise in den Naturwissenschaften geschaffen, [&hellip;]<\/p>\n","protected":false},"author":1,"featured_media":0,"parent":48,"menu_order":0,"comment_status":"closed","ping_status":"closed","template":"","meta":{"_monsterinsights_skip_tracking":false,"_monsterinsights_sitenote_active":false,"_monsterinsights_sitenote_note":"","_monsterinsights_sitenote_category":0,"ocean_post_layout":"","ocean_both_sidebars_style":"","ocean_both_sidebars_content_width":0,"ocean_both_sidebars_sidebars_width":0,"ocean_sidebar":"","ocean_second_sidebar":"","ocean_disable_margins":"enable","ocean_add_body_class":"","ocean_shortcode_before_top_bar":"","ocean_shortcode_after_top_bar":"","ocean_shortcode_before_header":"","ocean_shortcode_after_header":"","ocean_has_shortcode":"","ocean_shortcode_after_title":"","ocean_shortcode_before_footer_widgets":"","ocean_shortcode_after_footer_widgets":"","ocean_shortcode_before_footer_bottom":"","ocean_shortcode_after_footer_bottom":"","ocean_display_top_bar":"default","ocean_display_header":"default","ocean_header_style":"","ocean_center_header_left_menu":"","ocean_custom_header_template":"","ocean_custom_logo":0,"ocean_custom_retina_logo":0,"ocean_custom_logo_max_width":0,"ocean_custom_logo_tablet_max_width":0,"ocean_custom_logo_mobile_max_width":0,"ocean_custom_logo_max_height":0,"ocean_custom_logo_tablet_max_height":0,"ocean_custom_logo_mobile_max_height":0,"ocean_header_custom_menu":"","ocean_menu_typo_font_family":"","ocean_menu_typo_font_subset":"","ocean_menu_typo_font_size":0,"ocean_menu_typo_font_size_tablet":0,"ocean_menu_typo_font_size_mobile":0,"ocean_menu_typo_font_size_unit":"px","ocean_menu_typo_font_weight":"","ocean_menu_typo_font_weight_tablet":"","ocean_menu_typo_font_weight_mobile":"","ocean_menu_typo_transform":"","ocean_menu_typo_transform_tablet":"","ocean_menu_typo_transform_mobile":"","ocean_menu_typo_line_height":0,"ocean_menu_typo_line_height_tablet":0,"ocean_menu_typo_line_height_mobile":0,"ocean_menu_typo_line_height_unit":"","ocean_menu_typo_spacing":0,"ocean_menu_typo_spacing_tablet":0,"ocean_menu_typo_spacing_mobile":0,"ocean_menu_typo_spacing_unit":"","ocean_menu_link_color":"","ocean_menu_link_color_hover":"","ocean_menu_link_color_active":"","ocean_menu_link_background":"","ocean_menu_link_hover_background":"","ocean_menu_link_active_background":"","ocean_menu_social_links_bg":"","ocean_menu_social_hover_links_bg":"","ocean_menu_social_links_color":"","ocean_menu_social_hover_links_color":"","ocean_disable_title":"default","ocean_disable_heading":"default","ocean_post_title":"","ocean_post_subheading":"","ocean_post_title_style":"","ocean_post_title_background_color":"","ocean_post_title_background":0,"ocean_post_title_bg_image_position":"","ocean_post_title_bg_image_attachment":"","ocean_post_title_bg_image_repeat":"","ocean_post_title_bg_image_size":"","ocean_post_title_height":0,"ocean_post_title_bg_overlay":0.5,"ocean_post_title_bg_overlay_color":"","ocean_disable_breadcrumbs":"default","ocean_breadcrumbs_color":"","ocean_breadcrumbs_separator_color":"","ocean_breadcrumbs_links_color":"","ocean_breadcrumbs_links_hover_color":"","ocean_display_footer_widgets":"default","ocean_display_footer_bottom":"default","ocean_custom_footer_template":"","_vp_format_video_url":"","_vp_image_focal_point":[],"footnotes":""},"class_list":["post-43","page","type-page","status-publish","hentry","entry"],"aioseo_notices":[],"_links":{"self":[{"href":"http:\/\/infinite-art.de\/index.php\/wp-json\/wp\/v2\/pages\/43","targetHints":{"allow":["GET"]}}],"collection":[{"href":"http:\/\/infinite-art.de\/index.php\/wp-json\/wp\/v2\/pages"}],"about":[{"href":"http:\/\/infinite-art.de\/index.php\/wp-json\/wp\/v2\/types\/page"}],"author":[{"embeddable":true,"href":"http:\/\/infinite-art.de\/index.php\/wp-json\/wp\/v2\/users\/1"}],"replies":[{"embeddable":true,"href":"http:\/\/infinite-art.de\/index.php\/wp-json\/wp\/v2\/comments?post=43"}],"version-history":[{"count":31,"href":"http:\/\/infinite-art.de\/index.php\/wp-json\/wp\/v2\/pages\/43\/revisions"}],"predecessor-version":[{"id":647,"href":"http:\/\/infinite-art.de\/index.php\/wp-json\/wp\/v2\/pages\/43\/revisions\/647"}],"up":[{"embeddable":true,"href":"http:\/\/infinite-art.de\/index.php\/wp-json\/wp\/v2\/pages\/48"}],"wp:attachment":[{"href":"http:\/\/infinite-art.de\/index.php\/wp-json\/wp\/v2\/media?parent=43"}],"curies":[{"name":"wp","href":"https:\/\/api.w.org\/{rel}","templated":true}]}}