{"id":470,"date":"2021-03-13T16:49:28","date_gmt":"2021-03-13T15:49:28","guid":{"rendered":"http:\/\/localhost\/wordpress%20infiniteart\/wordpress\/?page_id=470"},"modified":"2024-12-30T20:54:24","modified_gmt":"2024-12-30T19:54:24","slug":"datenschutz","status":"publish","type":"page","link":"http:\/\/infinite-art.de\/index.php\/datenschutz\/","title":{"rendered":"Datenschutz"},"content":{"rendered":"\n<p><strong>Geltungsbereich und Aktualisierungen<\/strong><br>Diese Datenschutzerkl\u00e4rung gilt f\u00fcr die Nutzung der Websiten www.philipp-liedl.de bzw. www.infinite-art.de. Wir nehmen den Schutz Ihrer personenbezogenen Daten sehr ernst und beachtet die einschl\u00e4gigen datenschutzrechtlichen Regeln, insbesondere die Bestimmungen des Telemediengesetzes (TMG) und des Bundesdatenschutzgesetzes (BDSG). Die von Ihnen \u00fcbermittelten oder erhobenen Daten werden ausschlie\u00dflich im Rahmen der geltenden Datenschutzbestimmungen (TMG oder BDSG) erhoben, genutzt, verarbeitet, gespeichert und ggf. \u2013 jedoch nur sofern gesetzlich vorgeschrieben oder vertraglich notwendig \u2013 an Dritte weitergeleitet. Durch die Weiterentwicklung unserer Internetseite oder durch neue Technologien k\u00f6nnen \u00c4nderungen dieser Datenschutzerkl\u00e4rung notwendig werden. Infinite Art beh\u00e4lt sich daher das Recht vor, seine Datenschutzerkl\u00e4rung jederzeit gem\u00e4\u00df den aktuellen Entwicklungen anzupassen.<\/p>\n\n\n\n<p><strong>Datenverarbeitung beim Besuch unserer Internetseite<\/strong><br>Bei jedem Besuch einer Internetseite werden Daten erhoben und ausgetauscht. Beim Aufruf unserer Internetseite, erhebt und speichert der Server automatisch und tempor\u00e4r folgende Angaben in den Server-Logfiles, die durch Ihren Browser \u00fcbermittelt werden:<\/p>\n\n\n\n<ul class=\"wp-block-list\">\n<li>IP-Adresse des anfragenden Rechners<\/li>\n\n\n\n<li>Dateianfrage des Clients<\/li>\n\n\n\n<li>Die Internet-Seite, von der aus Sie uns besuchen (Referrer URL)<\/li>\n\n\n\n<li>Browsertyp und \u2013version<\/li>\n\n\n\n<li>Verwendetes Betriebssystem des anfragenden Rechners<\/li>\n\n\n\n<li>Name der abgerufenen Website<\/li>\n\n\n\n<li>Datei, Datum und Uhrzeit des Abrufs<\/li>\n\n\n\n<li>\u00dcbertragene Datenmenge<\/li>\n\n\n\n<li>Meldung \u00fcber erfolgreichen Abruf<\/li>\n<\/ul>\n\n\n\n<p>Wir werten die Daten nur f\u00fcr statistische Zwecke aus, zum Beispiel um die Nachfrage zu messen. Eine personenbezogene Auswertung der Server-Logfiles findet nicht statt. Die Daten sind nicht bestimmten Personen zuordenbar. Eine Zusammenf\u00fchrung dieser Daten mit anderen Datenquellen wird nicht vorgenommen. Nach einer statistischen Auswertung werden die Daten wieder gel\u00f6scht.<\/p>\n\n\n\n<p><strong>Kontaktaufnahme \u00fcber das Kontaktformular<\/strong><br>Mit unserem Kontaktformular k\u00f6nnen Sie eine Anfrage an uns richten. Damit wir daraufhin Kontakt mit Ihnen aufnehmen k\u00f6nnen, ist die Angabe Ihres Namens und Ihrer E-Mail-Adresse erforderlich. Weitergehende personenbezogene Daten k\u00f6nnen Sie uns freiwillig mitteilen. Ihre Daten werden \u00fcber unseren Provider per E-Mail an uns weitergeleitet und nach Beantwortung umgehend gel\u00f6scht, sofern keine gesetzlichen Aufbewahrungspflichten bestehen. Eine Nutzung zu einem anderen Zweck oder eine Datenweitergabe an Dritte findet nicht statt.<\/p>\n\n\n\n<p><strong>Weitergabe an Dritte<\/strong><br>Wir geben Ihre personenbezogenen Daten nicht an Dritte weiter. Von diesem Grundsatz abweichend erfolgt eine Weitergabe nur,<\/p>\n\n\n\n<ul class=\"wp-block-list\">\n<li>im Rahmen einer von Ihnen erteilten Einwilligung<\/li>\n\n\n\n<li>wenn die \u00dcbermittlung zur Durchf\u00fchrung von Angeboten oder Diensten, welche Sie beanspruchen wollen, unerl\u00e4sslich ist<\/li>\n\n\n\n<li>wenn ein Unterbeauftragter, den wir zur Erbringung der Angebote oder Dienste einsetzt, die Daten ben\u00f6tigt und zweckgebunden verwendet<\/li>\n\n\n\n<li>im Rahmen der Erf\u00fcllung rechtlicher Verpflichtungen an auskunftsberechtigte Stellen<\/li>\n<\/ul>\n\n\n\n<p><strong>Haftung f\u00fcr Weblinks<\/strong><br>Unsere Website enth\u00e4lt Weblinks zu externen Websites Dritter, auf deren Inhalt wir keinen Einfluss haben. Es handelt sich um fremde Angebote, deren Inhalte wir uns ausdr\u00fccklich nicht zu eigen machen. F\u00fcr die Inhalte der verlinkten Seiten ist stets der jeweilige Anbieter oder Betreiber der Seiten verantwortlich. Die verlinkten Websites wurden zum Zeitpunkt der Verlinkung auf m\u00f6gliche Rechtsverst\u00f6\u00dfe \u00fcberpr\u00fcft. Rechtswidrige Inhalte waren zum Zeitpunkt der Verlinkung nicht erkennbar.<\/p>\n\n\n\n<p><strong>Regelfristen zur Datenl\u00f6schung<\/strong><br>Aufgrund gesetzlicher Bestimmungen gelten bestimmte Aufbewahrungspflichten und -fristen. Nach Ablauf dieser Fristen werden die entsprechenden Daten routinem\u00e4\u00dfig gel\u00f6scht. Im \u00dcbrigen werden personenbezogene Daten gel\u00f6scht, sobald sie zur Erf\u00fcllung des Zwecks, zu dem sie erhoben wurden, nicht mehr erforderlich sind oder die Legitimationsgrundlage f\u00fcr den Datenumgang entf\u00e4llt (z. B. durch den Widerruf einer Einwilligung).<\/p>\n\n\n\n<p><strong>Auskunftsrecht und Berichtigungen<\/strong><br>Sie haben gegen\u00fcber uns jederzeit das Recht auf kostenlose Auskunft \u00fcber die zu Ihrer Person gespeicherten personenbezogenen Daten. Bei Fragen zur Erhebung, Verarbeitung oder Nutzung Ihrer personenbezogenen Daten wenden Sie sich bitte an info@philipp-liedl.de. Zus\u00e4tzlich haben Sie das Recht auf Berichtigung unrichtiger Daten, Sperrung und L\u00f6schung Ihrer personenbezogenen Daten, soweit dem keine gesetzliche Aufbewahrungspflicht entgegensteht.<\/p>\n\n\n\n<p><strong>Widerrufs- und Widerspruchsrecht<\/strong><br>Sie k\u00f6nnen uns ggf. erteilte datenschutzrechtliche Einwilligungserkl\u00e4rungen jederzeit mit Wirkung f\u00fcr die Zukunft widerrufen, indem Sie uns dies \u00fcber die unten stehenden Kontaktdaten formlos mitteilen. Hierf\u00fcr entstehen Ihnen keine Kosten au\u00dfer den \u00dcbermittlungskosten nach den Basistarifen.<br>Fon: +49 711 50074920<br>E-Mail: info@philipp-liedl.de<\/p>\n\n\n<ul id=\"menu-footer\" class=\"menu csFooterMenu\"><li id=\"menu-item-474\" class=\"menu-item menu-item-type-post_type menu-item-object-page menu-item-474\"><a href=\"http:\/\/infinite-art.de\/index.php\/impressum\/\">Impressum<\/a><\/li>\n<li id=\"menu-item-473\" class=\"menu-item menu-item-type-post_type menu-item-object-page menu-item-privacy-policy menu-item-473\"><a rel=\"privacy-policy\" href=\"http:\/\/infinite-art.de\/index.php\/datenschutz\/\">Datenschutz<\/a><\/li>\n<li id=\"menu-item-36\" class=\"menu-item menu-item-type-post_type menu-item-object-page menu-item-36\"><a href=\"http:\/\/infinite-art.de\/index.php\/kontakt\/\">Kontakt<\/a><\/li>\n<li id=\"menu-item-608\" class=\"menu-item menu-item-type-post_type menu-item-object-page menu-item-608\"><a href=\"http:\/\/infinite-art.de\/index.php\/cookie-richtlinie-eu\/\">Cookie-Richtlinie (EU)<\/a><\/li>\n<\/ul>\n","protected":false},"excerpt":{"rendered":"<p>Geltungsbereich und AktualisierungenDiese Datenschutzerkl\u00e4rung gilt f\u00fcr die Nutzung der Websiten www.philipp-liedl.de bzw. www.infinite-art.de. Wir nehmen den Schutz Ihrer personenbezogenen Daten sehr ernst und beachtet die einschl\u00e4gigen datenschutzrechtlichen Regeln, insbesondere die Bestimmungen des Telemediengesetzes (TMG) und des Bundesdatenschutzgesetzes (BDSG). Die von Ihnen \u00fcbermittelten oder erhobenen Daten werden ausschlie\u00dflich im Rahmen der geltenden Datenschutzbestimmungen (TMG oder BDSG) [&hellip;]<\/p>\n","protected":false},"author":1,"featured_media":0,"parent":0,"menu_order":0,"comment_status":"closed","ping_status":"closed","template":"","meta":{"_monsterinsights_skip_tracking":false,"_monsterinsights_sitenote_active":false,"_monsterinsights_sitenote_note":"","_monsterinsights_sitenote_category":0,"ocean_post_layout":"","ocean_both_sidebars_style":"","ocean_both_sidebars_content_width":0,"ocean_both_sidebars_sidebars_width":0,"ocean_sidebar":"","ocean_second_sidebar":"","ocean_disable_margins":"enable","ocean_add_body_class":"","ocean_shortcode_before_top_bar":"","ocean_shortcode_after_top_bar":"","ocean_shortcode_before_header":"","ocean_shortcode_after_header":"","ocean_has_shortcode":"","ocean_shortcode_after_title":"","ocean_shortcode_before_footer_widgets":"","ocean_shortcode_after_footer_widgets":"","ocean_shortcode_before_footer_bottom":"","ocean_shortcode_after_footer_bottom":"","ocean_display_top_bar":"default","ocean_display_header":"default","ocean_header_style":"","ocean_center_header_left_menu":"","ocean_custom_header_template":"","ocean_custom_logo":0,"ocean_custom_retina_logo":0,"ocean_custom_logo_max_width":0,"ocean_custom_logo_tablet_max_width":0,"ocean_custom_logo_mobile_max_width":0,"ocean_custom_logo_max_height":0,"ocean_custom_logo_tablet_max_height":0,"ocean_custom_logo_mobile_max_height":0,"ocean_header_custom_menu":"","ocean_menu_typo_font_family":"","ocean_menu_typo_font_subset":"","ocean_menu_typo_font_size":0,"ocean_menu_typo_font_size_tablet":0,"ocean_menu_typo_font_size_mobile":0,"ocean_menu_typo_font_size_unit":"px","ocean_menu_typo_font_weight":"","ocean_menu_typo_font_weight_tablet":"","ocean_menu_typo_font_weight_mobile":"","ocean_menu_typo_transform":"","ocean_menu_typo_transform_tablet":"","ocean_menu_typo_transform_mobile":"","ocean_menu_typo_line_height":0,"ocean_menu_typo_line_height_tablet":0,"ocean_menu_typo_line_height_mobile":0,"ocean_menu_typo_line_height_unit":"","ocean_menu_typo_spacing":0,"ocean_menu_typo_spacing_tablet":0,"ocean_menu_typo_spacing_mobile":0,"ocean_menu_typo_spacing_unit":"","ocean_menu_link_color":"","ocean_menu_link_color_hover":"","ocean_menu_link_color_active":"","ocean_menu_link_background":"","ocean_menu_link_hover_background":"","ocean_menu_link_active_background":"","ocean_menu_social_links_bg":"","ocean_menu_social_hover_links_bg":"","ocean_menu_social_links_color":"","ocean_menu_social_hover_links_color":"","ocean_disable_title":"default","ocean_disable_heading":"default","ocean_post_title":"","ocean_post_subheading":"","ocean_post_title_style":"","ocean_post_title_background_color":"","ocean_post_title_background":0,"ocean_post_title_bg_image_position":"","ocean_post_title_bg_image_attachment":"","ocean_post_title_bg_image_repeat":"","ocean_post_title_bg_image_size":"","ocean_post_title_height":0,"ocean_post_title_bg_overlay":0.5,"ocean_post_title_bg_overlay_color":"","ocean_disable_breadcrumbs":"default","ocean_breadcrumbs_color":"","ocean_breadcrumbs_separator_color":"","ocean_breadcrumbs_links_color":"","ocean_breadcrumbs_links_hover_color":"","ocean_display_footer_widgets":"default","ocean_display_footer_bottom":"default","ocean_custom_footer_template":"","_vp_format_video_url":"","_vp_image_focal_point":[],"footnotes":""},"class_list":["post-470","page","type-page","status-publish","hentry","entry"],"aioseo_notices":[],"_links":{"self":[{"href":"http:\/\/infinite-art.de\/index.php\/wp-json\/wp\/v2\/pages\/470","targetHints":{"allow":["GET"]}}],"collection":[{"href":"http:\/\/infinite-art.de\/index.php\/wp-json\/wp\/v2\/pages"}],"about":[{"href":"http:\/\/infinite-art.de\/index.php\/wp-json\/wp\/v2\/types\/page"}],"author":[{"embeddable":true,"href":"http:\/\/infinite-art.de\/index.php\/wp-json\/wp\/v2\/users\/1"}],"replies":[{"embeddable":true,"href":"http:\/\/infinite-art.de\/index.php\/wp-json\/wp\/v2\/comments?post=470"}],"version-history":[{"count":4,"href":"http:\/\/infinite-art.de\/index.php\/wp-json\/wp\/v2\/pages\/470\/revisions"}],"predecessor-version":[{"id":721,"href":"http:\/\/infinite-art.de\/index.php\/wp-json\/wp\/v2\/pages\/470\/revisions\/721"}],"wp:attachment":[{"href":"http:\/\/infinite-art.de\/index.php\/wp-json\/wp\/v2\/media?parent=470"}],"curies":[{"name":"wp","href":"https:\/\/api.w.org\/{rel}","templated":true}]}}